{"id":9,"date":"2018-02-20T11:19:12","date_gmt":"2018-02-20T11:19:12","guid":{"rendered":"http:\/\/new.efs.es\/?page_id=9"},"modified":"2023-03-31T12:38:09","modified_gmt":"2023-03-31T12:38:09","slug":"contacte","status":"publish","type":"page","link":"https:\/\/dev.efs.es\/ca\/contacte\/","title":{"rendered":"Contacte"},"content":{"rendered":"<section class=\"wpb-content-wrapper\">[vc_section content_placement=&#8221;middle&#8221; css=&#8221;.vc_custom_1543872016973{margin-top: 81px !important;}&#8221;][vc_row content_placement=&#8221;middle&#8221; css=&#8221;.vc_custom_1543872027267{padding-top: 20px !important;padding-right: 20px !important;padding-bottom: 20px !important;}&#8221;][vc_column width=&#8221;1\/12&#8243; offset=&#8221;vc_col-lg-offset-0 vc_col-lg-1 vc_col-md-offset-0 vc_col-md-1 vc_col-sm-offset-0 vc_col-xs-2 vc_hidden-xs&#8221;][\/vc_column][vc_column width=&#8221;5\/6&#8243;]<div class=\"norebro-heading-sc heading text-left\"\r\n\tid=\"norebro-custom-69d10e4617cff\" \r\n\t \r\n\t>\r\n\t\r\n\t\r\n\t\r\n\t<h1 class=\"title\">\r\n\t\tOn estem?\t<\/h1>\r\n\r\n\t\r\n\t\t\r\n<\/div>[\/vc_column][vc_column width=&#8221;1\/12&#8243;][\/vc_column][\/vc_row][\/vc_section][vc_section content_placement=&#8221;middle&#8221;][\/vc_section][vc_section content_placement=&#8221;middle&#8221;][vc_row full_height=&#8221;yes&#8221; columns_placement=&#8221;stretch&#8221; equal_height=&#8221;yes&#8221; content_placement=&#8221;middle&#8221;][vc_column width=&#8221;1\/12&#8243; css=&#8221;.vc_custom_1543945652645{background-color: #f4f4f4 !important;}&#8221; offset=&#8221;vc_hidden-xs&#8221;][\/vc_column][vc_column css_animation=&#8221;none&#8221; width=&#8221;1\/3&#8243; css=&#8221;.vc_custom_1544447609575{padding-top: 30px !important;padding-bottom: 30px !important;background-color: #f4f4f4 !important;}&#8221; offset=&#8221;vc_hidden-xs&#8221;]<div class=\"norebro-heading-sc heading text-left\"\r\n\tid=\"norebro-custom-69d10e4618824\" \r\n\t \r\n\t>\r\n\t\r\n\t\r\n\t\r\n\t<h2 class=\"title\">\r\n\t\tA Barcelona\t<\/h2>\r\n\r\n\t\r\n\t\t\r\n<\/div>[vc_empty_space height=&#8221;5px&#8221;]<div class=\"norebro-text-sc \" \r\n\tid=\"norebro-custom-69d10e4618995\" \r\n\t \r\n\t data-aos-duration=\"1500\">\r\n\r\n\t<p>Ens trobar\u00e0s a la poblaci\u00f3n de Cornell\u00e0 de Llobregat, a 8km de Barcelona.<\/p>\n<p>Un ampli estudi creatiu junt als nostres tallers i magatzems, on podr\u00e0s veure els processos de fabricaci\u00f3, impressi\u00f3 i construcci\u00f3.<\/p>\n<p>Una superf\u00edcie de 5.500m<sup>2<\/sup> des d\u2019on comen\u00e7arem a donar forma als teus somnis.<\/p>\n\t\r\n<\/div>[vc_empty_space height=&#8221;5px&#8221;]<div class=\"norebro-text-sc \" \r\n\tid=\"norebro-custom-69d10e4618afd\" \r\n\t \r\n\t>\r\n\r\n\t<p><strong>Estudi Ferran Sendra<br \/>\n<\/strong>Pol\u00edgon Industrial Almeda<br \/>\nCarrer Sant Ferran, 55<br \/>\n08940 \u2013 Cornell\u00e0 de Llobregat<br \/>\nTel\u00e8fon: (+34) <span class=\"info-value\">934 127 081<br \/>\n<a href=\"https:\/\/goo.gl\/maps\/wVsuS2irb2pCUQPC7\" target=\"_blank\" rel=\"noopener noreferrer\">Veure localitzaci\u00f3<\/a><br \/>\n<\/span><\/p>\n\t\r\n<\/div>[\/vc_column][vc_column width=&#8221;1\/12&#8243; css=&#8221;.vc_custom_1543945675951{background-color: #f4f4f4 !important;}&#8221; offset=&#8221;vc_hidden-xs&#8221;][\/vc_column][vc_column width=&#8221;1\/2&#8243; css=&#8221;.vc_custom_1543945637502{padding-right: 0px !important;padding-left: 0px !important;}&#8221; offset=&#8221;vc_hidden-xs&#8221;]<div class=\"norebro-google-maps-sc google-maps\" id=\"norebro-custom-69d10e46193e5\" \r\ndata-google-map=\"true\" data-google-map-zoom=\"16\" \r\ndata-google-map-zoom-enable=\"1\" \r\ndata-google-map-marker=\"https:\/\/dev.efs.es\/wp-content\/uploads\/2018\/12\/icon_globo_ordenador-150x150.png\"\r\ndata-google-map-style=\"shades_of_grey\"\r\n>\r\n\t\r\n\t<div class=\"google-maps-wrap\"><\/div>\r\n\t<div class=\"hidden\" data-google-map-markers=\"false\">41.3476405,2.0900249<\/div>\r\n\r\n<\/div>[\/vc_column][\/vc_row][\/vc_section][vc_section content_placement=&#8221;middle&#8221; disable_element=&#8221;yes&#8221;][vc_row full_height=&#8221;yes&#8221; columns_placement=&#8221;stretch&#8221; content_placement=&#8221;middle&#8221;][vc_column width=&#8221;1\/2&#8243; offset=&#8221;vc_col-lg-6 vc_col-md-offset-0 vc_col-md-6 vc_col-sm-offset-0 vc_col-xs-12&#8243; css=&#8221;.vc_custom_1543945352735{padding-right: 0px !important;padding-left: 0px !important;}&#8221;]<div class=\"norebro-google-maps-sc google-maps\" id=\"norebro-custom-69d10e461a052\" \r\ndata-google-map=\"true\" data-google-map-zoom=\"17\" \r\ndata-google-map-zoom-enable=\"1\" \r\ndata-google-map-marker=\"https:\/\/dev.efs.es\/wp-content\/uploads\/2018\/10\/map_marker_estudi_small.png\"\r\ndata-google-map-style=\"shades_of_grey\"\r\n>\r\n\t\r\n\t<div class=\"google-maps-wrap\"><\/div>\r\n\t<div class=\"hidden\" data-google-map-markers=\"false\">40.441556, -3.637514<\/div>\r\n\r\n<\/div>[\/vc_column][vc_column width=&#8221;1\/12&#8243; offset=&#8221;vc_col-lg-1 vc_col-md-offset-0 vc_col-md-1 vc_col-sm-offset-0 vc_col-xs-2&#8243; css=&#8221;.vc_custom_1543945338641{background-color: #f4f4f4 !important;}&#8221;][\/vc_column][vc_column css_animation=&#8221;none&#8221; width=&#8221;1\/3&#8243; offset=&#8221;vc_col-lg-4 vc_col-md-offset-0 vc_col-md-4 vc_col-sm-offset-0 vc_col-xs-8&#8243; css=&#8221;.vc_custom_1544447047903{padding-top: 30px !important;padding-bottom: 30px !important;background-color: #f4f4f4 !important;}&#8221;]<div class=\"norebro-heading-sc heading text-left\"\r\n\tid=\"norebro-custom-69d10e461a192\" \r\n\t \r\n\t>\r\n\t\r\n\t\r\n\t\r\n\t<h2 class=\"title\">\r\n\t\tI tamb\u00e9 a Madrid\t<\/h2>\r\n\r\n\t\r\n\t\t\r\n<\/div>[vc_empty_space height=&#8221;5px&#8221;]<div class=\"norebro-text-sc \" \r\n\tid=\"norebro-custom-69d10e461a2e3\" \r\n\t \r\n\t data-aos-duration=\"1500\">\r\n\r\n\t<p>Tenim oficines en una de les zones residencials m\u00e9s estrat\u00e8giques de Madrid, a tan sols 10 minuts del centre de la ciutat i a 15 minuts de l\u2019aeroport i d\u2019IFEMA.<\/p>\n<p>Aix\u00ed, sempre podem ser a prop dels nostres clients.<\/p>\n\t\r\n<\/div>[vc_empty_space height=&#8221;5px&#8221;]<div class=\"norebro-text-sc \" \r\n\tid=\"norebro-custom-69d10e461a401\" \r\n\t \r\n\t data-aos-duration=\"1500\">\r\n\r\n\t<p><strong>Estudi Ferran Sendra<\/strong><strong><br \/>\n<\/strong>Calle del General Aranaz, 25<br \/>\n28027 Madrid<br \/>\nTel\u00e9fono: (+34) 918 533 458<\/p>\n\t\r\n<\/div>[\/vc_column][vc_column width=&#8221;1\/12&#8243; offset=&#8221;vc_col-lg-1 vc_col-md-offset-0 vc_col-md-1 vc_col-sm-offset-0 vc_col-xs-2&#8243; css=&#8221;.vc_custom_1543945330537{background-color: #f4f4f4 !important;}&#8221;][\/vc_column][\/vc_row][\/vc_section][vc_section content_placement=&#8221;middle&#8221; css=&#8221;.vc_custom_1543872181506{margin-top: 81px !important;}&#8221;][vc_row content_placement=&#8221;middle&#8221; css=&#8221;.vc_custom_1543872190909{padding-right: 20px !important;padding-bottom: 20px !important;}&#8221;][vc_column width=&#8221;1\/12&#8243; offset=&#8221;vc_col-lg-offset-0 vc_col-lg-1 vc_col-md-offset-0 vc_col-md-1 vc_col-sm-offset-0 vc_col-xs-2 vc_hidden-xs&#8221;][\/vc_column][vc_column width=&#8221;5\/6&#8243;]<div class=\"norebro-heading-sc heading text-left\"\r\n\tid=\"norebro-custom-69d10e461a501\" \r\n\t \r\n\t>\r\n\t\r\n\t\r\n\t\r\n\t<h1 class=\"title\">\r\n\t\tCom contactar-nos?\t<\/h1>\r\n\r\n\t\r\n\t\t\r\n<\/div>[\/vc_column][vc_column width=&#8221;1\/12&#8243;][\/vc_column][\/vc_row][\/vc_section][vc_section content_placement=&#8221;middle&#8221;][vc_row full_height=&#8221;yes&#8221; columns_placement=&#8221;stretch&#8221; content_placement=&#8221;middle&#8221;][vc_column width=&#8221;1\/12&#8243; offset=&#8221;vc_col-lg-offset-0 vc_col-lg-1 vc_col-md-offset-0 vc_col-md-1 vc_col-sm-offset-0 vc_col-xs-2&#8243; css=&#8221;.vc_custom_1543945538135{background-color: #f4f4f4 !important;}&#8221;][\/vc_column][vc_column width=&#8221;1\/3&#8243; offset=&#8221;vc_col-lg-offset-0 vc_col-lg-4 vc_col-md-offset-0 vc_col-md-4 vc_col-sm-offset-0 vc_col-xs-8&#8243; css=&#8221;.vc_custom_1544448804725{padding-top: 30px !important;padding-bottom: 30px !important;background-color: #f4f4f4 !important;}&#8221;]<div class=\"norebro-heading-sc heading text-left\"\r\n\tid=\"norebro-custom-69d10e461a621\" \r\n\t \r\n\t>\r\n\t\r\n\t\r\n\t\r\n\t<h2 class=\"title\">\r\n\t\tPerqu\u00e8 el futur neix del present, posem-nos a treballar\t<\/h2>\r\n\r\n\t\r\n\t\t\r\n<\/div>[vc_empty_space height=&#8221;5px&#8221;]<div class=\"norebro-text-sc \" \r\n\tid=\"norebro-custom-69d10e461a775\" \r\n\t \r\n\t>\r\n\r\n\t<p><span class=\"s4\">Truca\u2019ns al +349 341 27 081<\/span><span class=\"s4\">\u00a0o<\/span> <span class=\"s4\">escriu-nos un correu electr\u00f2nic. Explica\u2019ns les idees que tens i\u00a0engegarem la maquin\u00e0ria ara mateix.<\/span><\/p>\n\t\r\n<\/div><div class=\"norebro-contact-from-sc contact-form  text-left classic\"\r\n\tid=\"norebro-custom-69d10e461a87d\" \r\n\t \r\n\t>\r\n\r\n\t\n<div class=\"wpcf7 no-js\" id=\"wpcf7-f29-o1\" lang=\"es-ES\" dir=\"ltr\">\n<div class=\"screen-reader-response\"><p role=\"status\" aria-live=\"polite\" aria-atomic=\"true\"><\/p> <ul><\/ul><\/div>\n<form action=\"\/ca\/wp-json\/wp\/v2\/pages\/9#wpcf7-f29-o1\" method=\"post\" class=\"wpcf7-form init\" aria-label=\"Formulario de contacto\" novalidate=\"novalidate\" data-status=\"init\">\n<div style=\"display: none;\">\n<input type=\"hidden\" name=\"_wpcf7\" value=\"29\" \/>\n<input type=\"hidden\" name=\"_wpcf7_version\" value=\"5.8\" \/>\n<input type=\"hidden\" name=\"_wpcf7_locale\" value=\"es_ES\" \/>\n<input type=\"hidden\" name=\"_wpcf7_unit_tag\" value=\"wpcf7-f29-o1\" \/>\n<input type=\"hidden\" name=\"_wpcf7_container_post\" value=\"0\" \/>\n<input type=\"hidden\" name=\"_wpcf7_posted_data_hash\" value=\"\" \/>\n<input type=\"hidden\" name=\"_wpcf7_recaptcha_response\" value=\"\" \/>\n<\/div>\n<p><label> Nom (requerit)<br \/>\n<span class=\"wpcf7-form-control-wrap\" data-name=\"your-name\"><input size=\"40\" class=\"wpcf7-form-control wpcf7-text wpcf7-validates-as-required\" aria-required=\"true\" aria-invalid=\"false\" value=\"\" type=\"text\" name=\"your-name\" \/><\/span> <\/label>\n<\/p>\n<p><label> Correu electr\u00f2nic (requerit)<br \/>\n<span class=\"wpcf7-form-control-wrap\" data-name=\"your-email\"><input size=\"40\" class=\"wpcf7-form-control wpcf7-email wpcf7-validates-as-required wpcf7-text wpcf7-validates-as-email\" aria-required=\"true\" aria-invalid=\"false\" value=\"\" type=\"email\" name=\"your-email\" \/><\/span> <\/label>\n<\/p>\n<p><label> Assumpte<br \/>\n<span class=\"wpcf7-form-control-wrap\" data-name=\"your-subject\"><input size=\"40\" class=\"wpcf7-form-control wpcf7-text\" aria-invalid=\"false\" value=\"\" type=\"text\" name=\"your-subject\" \/><\/span> <\/label>\n<\/p>\n<p><label> Missatge<br \/>\n<span class=\"wpcf7-form-control-wrap\" data-name=\"your-message\"><textarea cols=\"40\" rows=\"10\" class=\"wpcf7-form-control wpcf7-textarea\" aria-invalid=\"false\" name=\"your-message\"><\/textarea><\/span> <\/label>\n<\/p>\n<p><span class=\"wpcf7-form-control-wrap\" data-name=\"accepto_politica\"><span class=\"wpcf7-form-control wpcf7-checkbox wpcf7-validates-as-required wpcf7-exclusive-checkbox\"><span class=\"wpcf7-list-item first last\"><label><input type=\"checkbox\" name=\"accepto_politica\" value=\"Accepto la Pol\u00edtica de Privacitat de EFS\" \/><span class=\"wpcf7-list-item-label\">Accepto la Pol\u00edtica de Privacitat de EFS<\/span><\/label><\/span><\/span><\/span> &nbsp;&nbsp;<a href=\"\/politica-de-privacitat\/\" target=\"_blank\" class=\"frm-policy-link\">Pol\u00edtica de Privacitat<\/a><br \/>\n<span class=\"wpcf7-form-control-wrap\" data-name=\"accepto_comercials\"><span class=\"wpcf7-form-control wpcf7-checkbox wpcf7-exclusive-checkbox\"><span class=\"wpcf7-list-item first last\"><label><input type=\"checkbox\" name=\"accepto_comercials\" value=\"Accepto l\u2019enviament de comunicacions comercials\" \/><span class=\"wpcf7-list-item-label\">Accepto l\u2019enviament de comunicacions comercials<\/span><\/label><\/span><\/span><\/span>\n<\/p>\n<p><input class=\"wpcf7-form-control wpcf7-submit has-spinner\" type=\"submit\" value=\"Enviar\" \/>\n<\/p><div class=\"wpcf7-response-output\" aria-hidden=\"true\"><\/div>\n<\/form>\n<\/div>\n\r\n\t<div class=\"hidden\" data-contact-btn=\"true\">\r\n\t\t<button class=\"btn  btn-squared btn-brand\">\r\n\t\t\t<span class=\"btn-load\"><\/span>\r\n\t\t\t<span class=\"text\"><\/span>\r\n\t\t<\/button>\r\n\t<\/div>\r\n<\/div>[vc_empty_space height=&#8221;5px&#8221;]<div class=\"norebro-text-sc \" \r\n\tid=\"norebro-custom-69d10e462f4e9\" \r\n\t \r\n\t>\r\n\r\n\t<p class=\"sentence_recaptcha\">Aquest lloc est\u00e0 protegit per reCAPTCHA i s&#8217;aplica la <a href=\"https:\/\/policies.google.com\/privacy\">Pol\u00edtica de Privacitat<\/a> i <a href=\"https:\/\/policies.google.com\/terms\">Termes del Servei<\/a> de Google.<\/p>\n<p>La comunicaci\u00f3 enviada quedar\u00e0 incorporada a un fitxer del que \u00e9s responsable <strong>ESTUDI FERRAN SENDRA SL<\/strong>. Aquesta comunicaci\u00f3 s&#8217;utilitzar\u00e0 exclusivament per tractar les seves dades per atendre la seva sol\u00b7licitud, sempre de conformitat amb el Reglament (UE) 2016\/679 (RGPD), la Llei Org\u00e0nica 15\/1999 de 13 de desembre (LOPD) i el Reial Decret 1720\/2007 de desenvolupament de la LOPD), sobre protecci\u00f3 de dades. Les seves dades no es comunicaran a tercers, excepte per obligaci\u00f3 legal, i es mantindran mentre no sol\u00b7liciti la seva cancel\u00b7laci\u00f3.<\/p>\n<p>En qualsevol moment vost\u00e8 podr\u00e0 exercir els drets d&#8217;acc\u00e9s, rectificaci\u00f3, portabilitat i oposici\u00f3, i, si s&#8217;escau, la limitaci\u00f3 i cancel\u00b7laci\u00f3 , comunicant-ho per escrit, indicant les seves dades personals a C\/ CONSELL DE CENT 64-68\u00a0 08015, BARCELONA o mitjan\u00e7ant l&#8217;enviament d&#8217;un correu electr\u00f2nic a\u00a0 <span style=\"color: #333333;\"><a style=\"color: #333333;\" href=\"mailto:info@efs.es\">info@efs.es<\/a>.<\/span><\/p>\n<p><span class=\"s4\">\u00a0<\/span><\/p>\n\t\r\n<\/div>[\/vc_column][vc_column width=&#8221;1\/12&#8243; offset=&#8221;vc_col-lg-offset-0 vc_col-lg-1 vc_col-md-offset-0 vc_col-md-1 vc_col-sm-offset-0 vc_col-xs-2&#8243; css=&#8221;.vc_custom_1543945562496{background-color: #f4f4f4 !important;}&#8221;][\/vc_column][vc_column width=&#8221;1\/2&#8243; offset=&#8221;vc_col-lg-offset-0 vc_col-lg-6 vc_col-md-offset-0 vc_col-md-6 vc_col-sm-offset-0 vc_col-xs-12&#8243; css=&#8221;.vc_custom_1543945573160{background-color: #333333 !important;}&#8221;][vc_single_image image=&#8221;4242&#8243; img_size=&#8221;full&#8221; alignment=&#8221;center&#8221;][\/vc_column][\/vc_row][\/vc_section]\n<\/section>","protected":false},"excerpt":{"rendered":"<p>[vc_section content_placement=&#8221;middle&#8221; css=&#8221;.vc_custom_1543872016973{margin-top: 81px !important;}&#8221;][vc_row content_placement=&#8221;middle&#8221; css=&#8221;.vc_custom_1543872027267{padding-top: 20px !important;padding-right: 20px !important;padding-bottom: 20px !important;}&#8221;][vc_column width=&#8221;1\/12&#8243; offset=&#8221;vc_col-lg-offset-0 vc_col-lg-1 vc_col-md-offset-0 vc_col-md-1 vc_col-sm-offset-0 vc_col-xs-2 vc_hidden-xs&#8221;][\/vc_column][vc_column width=&#8221;5\/6&#8243;][\/vc_column][vc_column width=&#8221;1\/12&#8243;][\/vc_column][\/vc_row][\/vc_section][vc_section content_placement=&#8221;middle&#8221;][\/vc_section][vc_section content_placement=&#8221;middle&#8221;][vc_row full_height=&#8221;yes&#8221; columns_placement=&#8221;stretch&#8221; equal_height=&#8221;yes&#8221; content_placement=&#8221;middle&#8221;][vc_column width=&#8221;1\/12&#8243; css=&#8221;.vc_custom_1543945652645{background-color: #f4f4f4 !important;}&#8221; offset=&#8221;vc_hidden-xs&#8221;][\/vc_column][vc_column css_animation=&#8221;none&#8221; width=&#8221;1\/3&#8243; css=&#8221;.vc_custom_1544447609575{padding-top: 30px !important;padding-bottom: 30px !important;background-color: #f4f4f4 !important;}&#8221; offset=&#8221;vc_hidden-xs&#8221;][vc_empty_space height=&#8221;5px&#8221;][vc_empty_space height=&#8221;5px&#8221;][\/vc_column][vc_column width=&#8221;1\/12&#8243; css=&#8221;.vc_custom_1543945675951{background-color: #f4f4f4 !important;}&#8221; offset=&#8221;vc_hidden-xs&#8221;][\/vc_column][vc_column width=&#8221;1\/2&#8243; css=&#8221;.vc_custom_1543945637502{padding-right: 0px !important;padding-left: [&hellip;]<\/p>\n","protected":false},"author":1,"featured_media":0,"parent":0,"menu_order":4,"comment_status":"closed","ping_status":"closed","template":"","meta":{"inline_featured_image":false,"footnotes":""},"yoast_head":"<!-- This site is optimized with the Yoast SEO plugin v22.6 - https:\/\/yoast.com\/wordpress\/plugins\/seo\/ -->\n<title>Contacte - efs.es<\/title>\n<meta name=\"robots\" content=\"index, follow, max-snippet:-1, max-image-preview:large, max-video-preview:-1\" \/>\n<link rel=\"canonical\" href=\"https:\/\/dev.efs.es\/ca\/contacte\/\" \/>\n<meta property=\"og:locale\" content=\"ca_ES\" \/>\n<meta property=\"og:type\" content=\"article\" \/>\n<meta property=\"og:title\" content=\"Contacte - efs.es\" \/>\n<meta property=\"og:description\" content=\"[vc_section content_placement=&#8221;middle&#8221; css=&#8221;.vc_custom_1543872016973{margin-top: 81px !important;}&#8221;][vc_row content_placement=&#8221;middle&#8221; css=&#8221;.vc_custom_1543872027267{padding-top: 20px !important;padding-right: 20px !important;padding-bottom: 20px !important;}&#8221;][vc_column width=&#8221;1\/12&#8243; offset=&#8221;vc_col-lg-offset-0 vc_col-lg-1 vc_col-md-offset-0 vc_col-md-1 vc_col-sm-offset-0 vc_col-xs-2 vc_hidden-xs&#8221;][\/vc_column][vc_column width=&#8221;5\/6&#8243;][\/vc_column][vc_column width=&#8221;1\/12&#8243;][\/vc_column][\/vc_row][\/vc_section][vc_section content_placement=&#8221;middle&#8221;][\/vc_section][vc_section content_placement=&#8221;middle&#8221;][vc_row full_height=&#8221;yes&#8221; columns_placement=&#8221;stretch&#8221; equal_height=&#8221;yes&#8221; content_placement=&#8221;middle&#8221;][vc_column width=&#8221;1\/12&#8243; css=&#8221;.vc_custom_1543945652645{background-color: #f4f4f4 !important;}&#8221; offset=&#8221;vc_hidden-xs&#8221;][\/vc_column][vc_column css_animation=&#8221;none&#8221; width=&#8221;1\/3&#8243; css=&#8221;.vc_custom_1544447609575{padding-top: 30px !important;padding-bottom: 30px !important;background-color: #f4f4f4 !important;}&#8221; offset=&#8221;vc_hidden-xs&#8221;][vc_empty_space height=&#8221;5px&#8221;][vc_empty_space height=&#8221;5px&#8221;][\/vc_column][vc_column width=&#8221;1\/12&#8243; css=&#8221;.vc_custom_1543945675951{background-color: #f4f4f4 !important;}&#8221; offset=&#8221;vc_hidden-xs&#8221;][\/vc_column][vc_column width=&#8221;1\/2&#8243; css=&#8221;.vc_custom_1543945637502{padding-right: 0px !important;padding-left: [&hellip;]\" \/>\n<meta property=\"og:url\" content=\"https:\/\/dev.efs.es\/ca\/contacte\/\" \/>\n<meta property=\"og:site_name\" content=\"efs.es\" \/>\n<meta property=\"article:publisher\" content=\"https:\/\/www.facebook.com\/EstudiFerranSendra\" \/>\n<meta property=\"article:modified_time\" content=\"2023-03-31T12:38:09+00:00\" \/>\n<meta name=\"twitter:card\" content=\"summary_large_image\" \/>\n<meta name=\"twitter:label1\" content=\"Temps estimat de lectura\" \/>\n\t<meta name=\"twitter:data1\" content=\"3 minuts\" \/>\n<script type=\"application\/ld+json\" class=\"yoast-schema-graph\">{\"@context\":\"https:\/\/schema.org\",\"@graph\":[{\"@type\":\"WebPage\",\"@id\":\"https:\/\/dev.efs.es\/ca\/contacte\/\",\"url\":\"https:\/\/dev.efs.es\/ca\/contacte\/\",\"name\":\"Contacte - efs.es\",\"isPartOf\":{\"@id\":\"https:\/\/dev.efs.es\/#website\"},\"datePublished\":\"2018-02-20T11:19:12+00:00\",\"dateModified\":\"2023-03-31T12:38:09+00:00\",\"breadcrumb\":{\"@id\":\"https:\/\/dev.efs.es\/ca\/contacte\/#breadcrumb\"},\"inLanguage\":\"ca\",\"potentialAction\":[{\"@type\":\"ReadAction\",\"target\":[\"https:\/\/dev.efs.es\/ca\/contacte\/\"]}]},{\"@type\":\"BreadcrumbList\",\"@id\":\"https:\/\/dev.efs.es\/ca\/contacte\/#breadcrumb\",\"itemListElement\":[{\"@type\":\"ListItem\",\"position\":1,\"name\":\"Portada\",\"item\":\"https:\/\/dev.efs.es\/ca\/\"},{\"@type\":\"ListItem\",\"position\":2,\"name\":\"Contacte\"}]},{\"@type\":\"WebSite\",\"@id\":\"https:\/\/dev.efs.es\/#website\",\"url\":\"https:\/\/dev.efs.es\/\",\"name\":\"Estudi Ferran Sendra EFS\",\"description\":\"Estudi Ferran Sendra\",\"publisher\":{\"@id\":\"https:\/\/dev.efs.es\/#organization\"},\"potentialAction\":[{\"@type\":\"SearchAction\",\"target\":{\"@type\":\"EntryPoint\",\"urlTemplate\":\"https:\/\/dev.efs.es\/?s={search_term_string}\"},\"query-input\":\"required name=search_term_string\"}],\"inLanguage\":\"ca\"},{\"@type\":\"Organization\",\"@id\":\"https:\/\/dev.efs.es\/#organization\",\"name\":\"EFS - Estudi Ferran Sendra\",\"url\":\"https:\/\/dev.efs.es\/\",\"logo\":{\"@type\":\"ImageObject\",\"inLanguage\":\"ca\",\"@id\":\"https:\/\/dev.efs.es\/#\/schema\/logo\/image\/\",\"url\":\"https:\/\/dev.efs.es\/wp-content\/uploads\/2018\/03\/logo_EFS_dark@2x-e1539513531753.png\",\"contentUrl\":\"https:\/\/dev.efs.es\/wp-content\/uploads\/2018\/03\/logo_EFS_dark@2x-e1539513531753.png\",\"width\":201,\"height\":59,\"caption\":\"EFS - Estudi Ferran Sendra\"},\"image\":{\"@id\":\"https:\/\/dev.efs.es\/#\/schema\/logo\/image\/\"},\"sameAs\":[\"https:\/\/www.facebook.com\/EstudiFerranSendra\",\"https:\/\/www.instagram.com\/estudiferransendra\",\"https:\/\/www.linkedin.com\/company\/efs-worldwide\",\"https:\/\/www.pinterest.es\/estudiferransen\"]}]}<\/script>\n<!-- \/ Yoast SEO plugin. -->","yoast_head_json":{"title":"Contacte - efs.es","robots":{"index":"index","follow":"follow","max-snippet":"max-snippet:-1","max-image-preview":"max-image-preview:large","max-video-preview":"max-video-preview:-1"},"canonical":"https:\/\/dev.efs.es\/ca\/contacte\/","og_locale":"ca_ES","og_type":"article","og_title":"Contacte - efs.es","og_description":"[vc_section content_placement=&#8221;middle&#8221; css=&#8221;.vc_custom_1543872016973{margin-top: 81px !important;}&#8221;][vc_row content_placement=&#8221;middle&#8221; css=&#8221;.vc_custom_1543872027267{padding-top: 20px !important;padding-right: 20px !important;padding-bottom: 20px !important;}&#8221;][vc_column width=&#8221;1\/12&#8243; offset=&#8221;vc_col-lg-offset-0 vc_col-lg-1 vc_col-md-offset-0 vc_col-md-1 vc_col-sm-offset-0 vc_col-xs-2 vc_hidden-xs&#8221;][\/vc_column][vc_column width=&#8221;5\/6&#8243;][\/vc_column][vc_column width=&#8221;1\/12&#8243;][\/vc_column][\/vc_row][\/vc_section][vc_section content_placement=&#8221;middle&#8221;][\/vc_section][vc_section content_placement=&#8221;middle&#8221;][vc_row full_height=&#8221;yes&#8221; columns_placement=&#8221;stretch&#8221; equal_height=&#8221;yes&#8221; content_placement=&#8221;middle&#8221;][vc_column width=&#8221;1\/12&#8243; css=&#8221;.vc_custom_1543945652645{background-color: #f4f4f4 !important;}&#8221; offset=&#8221;vc_hidden-xs&#8221;][\/vc_column][vc_column css_animation=&#8221;none&#8221; width=&#8221;1\/3&#8243; css=&#8221;.vc_custom_1544447609575{padding-top: 30px !important;padding-bottom: 30px !important;background-color: #f4f4f4 !important;}&#8221; offset=&#8221;vc_hidden-xs&#8221;][vc_empty_space height=&#8221;5px&#8221;][vc_empty_space height=&#8221;5px&#8221;][\/vc_column][vc_column width=&#8221;1\/12&#8243; css=&#8221;.vc_custom_1543945675951{background-color: #f4f4f4 !important;}&#8221; offset=&#8221;vc_hidden-xs&#8221;][\/vc_column][vc_column width=&#8221;1\/2&#8243; css=&#8221;.vc_custom_1543945637502{padding-right: 0px !important;padding-left: [&hellip;]","og_url":"https:\/\/dev.efs.es\/ca\/contacte\/","og_site_name":"efs.es","article_publisher":"https:\/\/www.facebook.com\/EstudiFerranSendra","article_modified_time":"2023-03-31T12:38:09+00:00","twitter_card":"summary_large_image","twitter_misc":{"Temps estimat de lectura":"3 minuts"},"schema":{"@context":"https:\/\/schema.org","@graph":[{"@type":"WebPage","@id":"https:\/\/dev.efs.es\/ca\/contacte\/","url":"https:\/\/dev.efs.es\/ca\/contacte\/","name":"Contacte - efs.es","isPartOf":{"@id":"https:\/\/dev.efs.es\/#website"},"datePublished":"2018-02-20T11:19:12+00:00","dateModified":"2023-03-31T12:38:09+00:00","breadcrumb":{"@id":"https:\/\/dev.efs.es\/ca\/contacte\/#breadcrumb"},"inLanguage":"ca","potentialAction":[{"@type":"ReadAction","target":["https:\/\/dev.efs.es\/ca\/contacte\/"]}]},{"@type":"BreadcrumbList","@id":"https:\/\/dev.efs.es\/ca\/contacte\/#breadcrumb","itemListElement":[{"@type":"ListItem","position":1,"name":"Portada","item":"https:\/\/dev.efs.es\/ca\/"},{"@type":"ListItem","position":2,"name":"Contacte"}]},{"@type":"WebSite","@id":"https:\/\/dev.efs.es\/#website","url":"https:\/\/dev.efs.es\/","name":"Estudi Ferran Sendra EFS","description":"Estudi Ferran Sendra","publisher":{"@id":"https:\/\/dev.efs.es\/#organization"},"potentialAction":[{"@type":"SearchAction","target":{"@type":"EntryPoint","urlTemplate":"https:\/\/dev.efs.es\/?s={search_term_string}"},"query-input":"required name=search_term_string"}],"inLanguage":"ca"},{"@type":"Organization","@id":"https:\/\/dev.efs.es\/#organization","name":"EFS - Estudi Ferran Sendra","url":"https:\/\/dev.efs.es\/","logo":{"@type":"ImageObject","inLanguage":"ca","@id":"https:\/\/dev.efs.es\/#\/schema\/logo\/image\/","url":"https:\/\/dev.efs.es\/wp-content\/uploads\/2018\/03\/logo_EFS_dark@2x-e1539513531753.png","contentUrl":"https:\/\/dev.efs.es\/wp-content\/uploads\/2018\/03\/logo_EFS_dark@2x-e1539513531753.png","width":201,"height":59,"caption":"EFS - Estudi Ferran Sendra"},"image":{"@id":"https:\/\/dev.efs.es\/#\/schema\/logo\/image\/"},"sameAs":["https:\/\/www.facebook.com\/EstudiFerranSendra","https:\/\/www.instagram.com\/estudiferransendra","https:\/\/www.linkedin.com\/company\/efs-worldwide","https:\/\/www.pinterest.es\/estudiferransen"]}]}},"_links":{"self":[{"href":"https:\/\/dev.efs.es\/ca\/wp-json\/wp\/v2\/pages\/9"}],"collection":[{"href":"https:\/\/dev.efs.es\/ca\/wp-json\/wp\/v2\/pages"}],"about":[{"href":"https:\/\/dev.efs.es\/ca\/wp-json\/wp\/v2\/types\/page"}],"author":[{"embeddable":true,"href":"https:\/\/dev.efs.es\/ca\/wp-json\/wp\/v2\/users\/1"}],"replies":[{"embeddable":true,"href":"https:\/\/dev.efs.es\/ca\/wp-json\/wp\/v2\/comments?post=9"}],"version-history":[{"count":388,"href":"https:\/\/dev.efs.es\/ca\/wp-json\/wp\/v2\/pages\/9\/revisions"}],"predecessor-version":[{"id":11180,"href":"https:\/\/dev.efs.es\/ca\/wp-json\/wp\/v2\/pages\/9\/revisions\/11180"}],"wp:attachment":[{"href":"https:\/\/dev.efs.es\/ca\/wp-json\/wp\/v2\/media?parent=9"}],"curies":[{"name":"wp","href":"https:\/\/api.w.org\/{rel}","templated":true}]}}